{"id":4616,"date":"2021-02-19T09:39:34","date_gmt":"2021-02-19T07:39:34","guid":{"rendered":"http:\/\/www.patrimoine-stephanois.be\/wp\/?page_id=4616"},"modified":"2021-04-10T11:19:18","modified_gmt":"2021-04-10T09:19:18","slug":"suzeril-un-patrimoine-naturel-a-preserver","status":"publish","type":"page","link":"https:\/\/www.patrimoine-stephanois.be\/wp\/suzeril-un-patrimoine-naturel-a-preserver\/","title":{"rendered":"Suzeril, un patrimoine naturel \u00e0 pr\u00e9server"},"content":{"rendered":"\n<p>Proche du centre historique de Court-St-\u00c9tienne, le territoire du petit hameau de Suzeril se trouve en grande partie sur le flanc Est de la vall\u00e9e de la Thyle. La plupart des habitations longent la rue de Sart, situ\u00e9e \u00e0 mi-pente du versant, \u00e0 l\u2019abri des vents du plateau du Chenoy (alt 120-130m ici) et de l\u2019humidit\u00e9 du fond de la vall\u00e9e (alt 65-70m).<\/p>\n\n\n\n<div class=\"wp-block-image\"><figure class=\"aligncenter size-large is-resized\"><img decoding=\"async\" loading=\"lazy\" src=\"https:\/\/www.patrimoine-stephanois.be\/wp\/wp-content\/uploads\/2021\/02\/GoogleEarthSuzeril.jpg\" alt=\"Vue a\u00e9rienne de Suzeril (photo Google Earth)\" class=\"wp-image-4623\" width=\"676\" height=\"589\" srcset=\"https:\/\/www.patrimoine-stephanois.be\/wp\/wp-content\/uploads\/2021\/02\/GoogleEarthSuzeril.jpg 736w, https:\/\/www.patrimoine-stephanois.be\/wp\/wp-content\/uploads\/2021\/02\/GoogleEarthSuzeril-300x261.jpg 300w\" sizes=\"(max-width: 676px) 100vw, 676px\" \/><figcaption>Vue a\u00e9rienne de Suzeril (photo Google Earth)<\/figcaption><\/figure><\/div>\n\n\n\n<p>Le relief, ainsi que l\u2019agropastoralisme, ont favoris\u00e9 l\u2019apparition de plusieurs biotopes &nbsp;int\u00e9ressants (1), que l\u2019on peut observer en suivant les tron\u00e7ons des balades 11, 14, 12 et 103 &nbsp;autour de Suzeril (2):<\/p>\n\n\n\n<ul><li>Sur la rive droite de la Thyle, une large bande mar\u00e9cageuse qui a \u00e9t\u00e9 valoris\u00e9e en \u00e9tangs de p\u00eache, plantations d\u2019\u00e9pic\u00e9as ou de peupliers. Certaines prairies humides sont encore fauch\u00e9es&nbsp;; parfois une cuvette boueuse permet \u00e0 une formation v\u00e9g\u00e9tale particuli\u00e8re de se d\u00e9velopper, comme la <a href=\"https:\/\/www.patrimoine-stephanois.be\/wp\/les-patrimoines\/le-patrimoine-naturel\/trois-ecosystemes-typiques-de-notre-region\/\">magnocari\u00e7aie<\/a>, o\u00f9 l\u2019on a r\u00e9pertori\u00e9 45 esp\u00e8ces v\u00e9g\u00e9tales. D\u2019autres, abandonn\u00e9es, ont \u00e9volu\u00e9 en <a href=\"https:\/\/www.patrimoine-stephanois.be\/wp\/les-patrimoines\/le-patrimoine-naturel\/trois-ecosystemes-typiques-de-notre-region\/\">m\u00e9gaphorbiaie<\/a> (30 esp\u00e8ces).<\/li><li>Sur les pentes, des prairies avec de vieux vergers haute tige. Certains d\u2019entre eux sont abandonn\u00e9s&nbsp;; d\u2019autres ont \u00e9t\u00e9 r\u00e9g\u00e9n\u00e9r\u00e9s ou replant\u00e9s en fruitiers basse tige.<\/li><li>Autour des pr\u00e9s et le long de sentiers, d\u2019anciennes haies laiss\u00e9es \u00e0 l\u2019abandon (30 esp\u00e8ces ligneuses et 40&nbsp; herbac\u00e9es).<\/li><li>Sur le plateau, de grandes cultures avec des plantes des champs (30 esp\u00e8ces).<\/li><li>Entre la rivi\u00e8re et le plateau, des sentiers, des chemins creux bord\u00e9s de taillis \u00e0 l\u2019ombre desquels poussent, entre autres, des foug\u00e8res.<\/li><\/ul>\n\n\n\n<figure class=\"wp-block-gallery columns-3 is-cropped wp-block-gallery-1 is-layout-flex wp-block-gallery-is-layout-flex\"><ul class=\"blocks-gallery-grid\"><li class=\"blocks-gallery-item\"><figure><img decoding=\"async\" loading=\"lazy\" width=\"1024\" height=\"768\" src=\"https:\/\/www.patrimoine-stephanois.be\/wp\/wp-content\/uploads\/2021\/02\/Populage-1024x768.jpg\" alt=\"\" data-id=\"4618\" data-full-url=\"https:\/\/www.patrimoine-stephanois.be\/wp\/wp-content\/uploads\/2021\/02\/Populage-scaled.jpg\" data-link=\"https:\/\/www.patrimoine-stephanois.be\/wp\/populage\/\" class=\"wp-image-4618\" srcset=\"https:\/\/www.patrimoine-stephanois.be\/wp\/wp-content\/uploads\/2021\/02\/Populage-1024x768.jpg 1024w, https:\/\/www.patrimoine-stephanois.be\/wp\/wp-content\/uploads\/2021\/02\/Populage-300x225.jpg 300w, https:\/\/www.patrimoine-stephanois.be\/wp\/wp-content\/uploads\/2021\/02\/Populage-768x576.jpg 768w, https:\/\/www.patrimoine-stephanois.be\/wp\/wp-content\/uploads\/2021\/02\/Populage-1536x1152.jpg 1536w, https:\/\/www.patrimoine-stephanois.be\/wp\/wp-content\/uploads\/2021\/02\/Populage-2048x1536.jpg 2048w\" sizes=\"(max-width: 1024px) 100vw, 1024px\" \/><figcaption class=\"blocks-gallery-item__caption\">Populage des marais (cari\u00e7aie)<\/figcaption><\/figure><\/li><li class=\"blocks-gallery-item\"><figure><img decoding=\"async\" loading=\"lazy\" width=\"1024\" height=\"768\" src=\"https:\/\/www.patrimoine-stephanois.be\/wp\/wp-content\/uploads\/2021\/02\/Verger2-1024x768.jpg\" alt=\"\" data-id=\"4621\" data-full-url=\"https:\/\/www.patrimoine-stephanois.be\/wp\/wp-content\/uploads\/2021\/02\/Verger2-scaled.jpg\" data-link=\"https:\/\/www.patrimoine-stephanois.be\/wp\/verger2\/\" class=\"wp-image-4621\" srcset=\"https:\/\/www.patrimoine-stephanois.be\/wp\/wp-content\/uploads\/2021\/02\/Verger2-1024x768.jpg 1024w, https:\/\/www.patrimoine-stephanois.be\/wp\/wp-content\/uploads\/2021\/02\/Verger2-300x225.jpg 300w, https:\/\/www.patrimoine-stephanois.be\/wp\/wp-content\/uploads\/2021\/02\/Verger2-768x576.jpg 768w, https:\/\/www.patrimoine-stephanois.be\/wp\/wp-content\/uploads\/2021\/02\/Verger2-1536x1152.jpg 1536w, https:\/\/www.patrimoine-stephanois.be\/wp\/wp-content\/uploads\/2021\/02\/Verger2-2048x1536.jpg 2048w\" sizes=\"(max-width: 1024px) 100vw, 1024px\" \/><figcaption class=\"blocks-gallery-item__caption\">Verger<\/figcaption><\/figure><\/li><li class=\"blocks-gallery-item\"><figure><img decoding=\"async\" loading=\"lazy\" width=\"1024\" height=\"768\" src=\"https:\/\/www.patrimoine-stephanois.be\/wp\/wp-content\/uploads\/2021\/02\/ChampPlateauChenoy-1024x768.jpg\" alt=\"\" data-id=\"4620\" data-full-url=\"https:\/\/www.patrimoine-stephanois.be\/wp\/wp-content\/uploads\/2021\/02\/ChampPlateauChenoy-scaled.jpg\" data-link=\"https:\/\/www.patrimoine-stephanois.be\/wp\/champplateauchenoy\/\" class=\"wp-image-4620\" srcset=\"https:\/\/www.patrimoine-stephanois.be\/wp\/wp-content\/uploads\/2021\/02\/ChampPlateauChenoy-1024x768.jpg 1024w, https:\/\/www.patrimoine-stephanois.be\/wp\/wp-content\/uploads\/2021\/02\/ChampPlateauChenoy-300x225.jpg 300w, https:\/\/www.patrimoine-stephanois.be\/wp\/wp-content\/uploads\/2021\/02\/ChampPlateauChenoy-768x576.jpg 768w, https:\/\/www.patrimoine-stephanois.be\/wp\/wp-content\/uploads\/2021\/02\/ChampPlateauChenoy-1536x1152.jpg 1536w, https:\/\/www.patrimoine-stephanois.be\/wp\/wp-content\/uploads\/2021\/02\/ChampPlateauChenoy-2048x1536.jpg 2048w\" sizes=\"(max-width: 1024px) 100vw, 1024px\" \/><figcaption class=\"blocks-gallery-item__caption\">Champ &#8211; Plateau du Chenoy<\/figcaption><\/figure><\/li><\/ul><\/figure>\n\n\n\n<p>La diversit\u00e9 de ces milieux semi-naturels profite \u00e0 une grande vari\u00e9t\u00e9 d\u2019animaux qui y trouvent refuge, nourriture et tranquillit\u00e9, et qui peuvent s\u2019y reposer et se reproduire.<br><br>Avifaune (40 esp\u00e8ces) : passereaux, palmip\u00e8des, \u00e9chassiers, rapaces, plus quelques migrateurs.<br><br>Mammif\u00e8res : si les mulots, campagnols, taupes pullulent dans la r\u00e9gion, des traces, laisses, coul\u00e9es ou d\u00e9bris signalent le passage de plus grands animaux : lapins, renards, castors, chevreuils\u2026<\/p>\n\n\n\n<figure class=\"wp-block-gallery columns-2 is-cropped wp-block-gallery-2 is-layout-flex wp-block-gallery-is-layout-flex\"><ul class=\"blocks-gallery-grid\"><li class=\"blocks-gallery-item\"><figure><img decoding=\"async\" loading=\"lazy\" width=\"1024\" height=\"768\" src=\"https:\/\/www.patrimoine-stephanois.be\/wp\/wp-content\/uploads\/2021\/02\/Renardeaux-1024x768.jpg\" alt=\"\" data-id=\"4619\" data-full-url=\"https:\/\/www.patrimoine-stephanois.be\/wp\/wp-content\/uploads\/2021\/02\/Renardeaux-scaled.jpg\" data-link=\"https:\/\/www.patrimoine-stephanois.be\/wp\/olympus-digital-camera\/\" class=\"wp-image-4619\" srcset=\"https:\/\/www.patrimoine-stephanois.be\/wp\/wp-content\/uploads\/2021\/02\/Renardeaux-1024x768.jpg 1024w, https:\/\/www.patrimoine-stephanois.be\/wp\/wp-content\/uploads\/2021\/02\/Renardeaux-300x225.jpg 300w, https:\/\/www.patrimoine-stephanois.be\/wp\/wp-content\/uploads\/2021\/02\/Renardeaux-768x576.jpg 768w, https:\/\/www.patrimoine-stephanois.be\/wp\/wp-content\/uploads\/2021\/02\/Renardeaux-1536x1152.jpg 1536w, https:\/\/www.patrimoine-stephanois.be\/wp\/wp-content\/uploads\/2021\/02\/Renardeaux-2048x1536.jpg 2048w\" sizes=\"(max-width: 1024px) 100vw, 1024px\" \/><figcaption class=\"blocks-gallery-item__caption\">Deux renardeaux<\/figcaption><\/figure><\/li><li class=\"blocks-gallery-item\"><figure><img decoding=\"async\" loading=\"lazy\" width=\"1024\" height=\"768\" src=\"https:\/\/www.patrimoine-stephanois.be\/wp\/wp-content\/uploads\/2021\/02\/CastorDegats-1024x768.jpg\" alt=\"\" data-id=\"4630\" data-full-url=\"https:\/\/www.patrimoine-stephanois.be\/wp\/wp-content\/uploads\/2021\/02\/CastorDegats-scaled.jpg\" data-link=\"https:\/\/www.patrimoine-stephanois.be\/wp\/castordegats\/\" class=\"wp-image-4630\" srcset=\"https:\/\/www.patrimoine-stephanois.be\/wp\/wp-content\/uploads\/2021\/02\/CastorDegats-1024x768.jpg 1024w, https:\/\/www.patrimoine-stephanois.be\/wp\/wp-content\/uploads\/2021\/02\/CastorDegats-300x225.jpg 300w, https:\/\/www.patrimoine-stephanois.be\/wp\/wp-content\/uploads\/2021\/02\/CastorDegats-768x576.jpg 768w, https:\/\/www.patrimoine-stephanois.be\/wp\/wp-content\/uploads\/2021\/02\/CastorDegats-1536x1152.jpg 1536w, https:\/\/www.patrimoine-stephanois.be\/wp\/wp-content\/uploads\/2021\/02\/CastorDegats-2048x1536.jpg 2048w\" sizes=\"(max-width: 1024px) 100vw, 1024px\" \/><figcaption class=\"blocks-gallery-item__caption\">Troncs \u00e9corc\u00e9s par des castors<\/figcaption><\/figure><\/li><\/ul><\/figure>\n\n\n\n<p>Les pr\u00e9dateurs (buses, renards, h\u00e9rons\u2026) qui vivent dans ces \u00e9cosyst\u00e8mes montrent que les cha\u00eenes alimentaires qui s\u2019y d\u00e9roulent leur procurent suffisamment de nourriture et que le lieu offre suffisamment de calme et de protection pour qu\u2019un \u00e9quilibre soit maintenu entre les diff\u00e9rents maillons des cha\u00eenes. On peut donc penser que l\u2019endroit est sain et en bon \u00e9tat.<\/p>\n\n\n\n<p>La situation du hameau est int\u00e9ressante&nbsp;\u00e9galement: elle se prolonge vers le NE par la for\u00eat du Raumont puis le bois des R\u00eaves et vers le SO vers Faux et les bois de Villers-la-Ville. La partie mar\u00e9cageuse se trouve en zone d\u2019espace vert. C\u2019est donc un \u00e9l\u00e9ment de maillage \u00e9cologique, une voie de passage.<\/p>\n\n\n\n<p>Depuis ces observations r\u00e9alis\u00e9es entre 2010 et 2015, des choses ont chang\u00e9&nbsp;:<\/p>\n\n\n\n<ul><li>Sur le plateau, on ne trouve plus les pens\u00e9es sauvages, becs-de-grue, coquelicots, \u2026 la biodiversit\u00e9 diminue.<\/li><li>Il y a eu de nombreux d\u00e9boisements, pour diverses raisons&nbsp;: abattage de l\u2019aulnaie le long du sentier 103, d\u2019une peupleraie, d\u2019\u00e9pic\u00e9as, du taillis le long de la voie ferr\u00e9e, et abattages dans les propri\u00e9t\u00e9s priv\u00e9es.<\/li><li>Nombre de cl\u00f4tures de prairies, qui permettaient autrefois le passage des animaux sauvages, sont de plus en plus souvent remplac\u00e9es par des cl\u00f4tures hautes au maillage serr\u00e9 infranchissables. Or les d\u00e9placements sont essentiels pour la faune car les \u00e9changes g\u00e9n\u00e9tiques sont \u00e0 la base de la survie des esp\u00e8ces.<\/li><li>Depuis le confinement, l\u2019endroit est tr\u00e8s appr\u00e9ci\u00e9 des promeneurs et des cyclistes qui y viennent nombreux. Ils sont instamment pri\u00e9s de tenir les chiens en laisse, de rester sur les chemins et sentiers et de ne pas jeter dans cette belle nature cannettes, masques, ou autres immondices.<\/li><\/ul>\n\n\n\n<p>La Province du BW a compris l\u2019importance du maillage \u00e9cologique pour le maintien de la biodiversit\u00e9 et a demand\u00e9 aux Communes de renforcer les zones qui pourraient \u00eatre int\u00e9ressantes pour ce projet. Le hameau de Suzeril para\u00eet bien plac\u00e9 pour en faire partie, \u00e0 condition que l\u2019on veille \u00e0 \u00e9viter le mitage de la zone, \u00e0 pr\u00e9server sa tranquillit\u00e9 et \u00e0 permettre le libre passage \u00e0 la faune sauvage.<\/p>\n\n\n\n<p>La diversit\u00e9 des biotopes du territoire de Suzeril et le nombre d\u2019esp\u00e8ces aquatiques, terrestres et a\u00e9riennes qu\u2019on y trouve m\u00e9ritent qu\u2019on fasse tout ce qu\u2019il faut pour pr\u00e9server sa richesse.<\/p>\n\n\n\n<p>Article d&rsquo;Evelyne Paulet<\/p>\n\n\n\n<div class=\"wp-block-image\"><figure class=\"aligncenter size-large is-resized\"><img decoding=\"async\" loading=\"lazy\" src=\"https:\/\/www.patrimoine-stephanois.be\/wp\/wp-content\/uploads\/2021\/02\/PrairieCaricaea-1024x768.jpg\" alt=\"\" class=\"wp-image-4622\" width=\"635\" height=\"476\" srcset=\"https:\/\/www.patrimoine-stephanois.be\/wp\/wp-content\/uploads\/2021\/02\/PrairieCaricaea-1024x768.jpg 1024w, https:\/\/www.patrimoine-stephanois.be\/wp\/wp-content\/uploads\/2021\/02\/PrairieCaricaea-300x225.jpg 300w, https:\/\/www.patrimoine-stephanois.be\/wp\/wp-content\/uploads\/2021\/02\/PrairieCaricaea-768x576.jpg 768w, https:\/\/www.patrimoine-stephanois.be\/wp\/wp-content\/uploads\/2021\/02\/PrairieCaricaea-1536x1152.jpg 1536w, https:\/\/www.patrimoine-stephanois.be\/wp\/wp-content\/uploads\/2021\/02\/PrairieCaricaea-2048x1536.jpg 2048w\" sizes=\"(max-width: 635px) 100vw, 635px\" \/><figcaption>Prairie avec cari\u00e7aie<\/figcaption><\/figure><\/div>\n\n\n\n<ol><li>R\u00e9f : \u00ab\u00a0Court-St-\u00c9tienne dans le Brabant sablo-limoneux\u00a0\u00bb, m\u00e9moire pr\u00e9sent\u00e9 par E. Paulet pour l&rsquo;obtention du brevet de guide-nature, 2014, Soci\u00e9t\u00e9 royale  \u00ab\u00a0Cercles des Naturalistes de Belgique\u00a0\u00bb.<\/li><li>En promenade \u00e0 Court-St-\u00c9tienne, carte et carnet explicatif des itin\u00e9raires, \u00e9dit\u00e9 par le Patrimoine st\u00e9phanois asbl, en vente dans les librairies de Court-St-\u00c9tienne ou en contactant l&rsquo;asbl ici<\/li><\/ol>\n\n\n\n<p><\/p>\n","protected":false},"excerpt":{"rendered":"<p>Proche du centre historique de Court-St-\u00c9tienne, le territoire du petit hameau de Suzeril se trouve en grande partie sur le flanc Est de la vall\u00e9e de la Thyle. La plupart des habitations longent la rue de Sart, situ\u00e9e \u00e0 mi-pente<\/p>\n","protected":false},"author":6,"featured_media":0,"parent":0,"menu_order":0,"comment_status":"closed","ping_status":"closed","template":"","meta":{"footnotes":""},"_links":{"self":[{"href":"https:\/\/www.patrimoine-stephanois.be\/wp\/wp-json\/wp\/v2\/pages\/4616"}],"collection":[{"href":"https:\/\/www.patrimoine-stephanois.be\/wp\/wp-json\/wp\/v2\/pages"}],"about":[{"href":"https:\/\/www.patrimoine-stephanois.be\/wp\/wp-json\/wp\/v2\/types\/page"}],"author":[{"embeddable":true,"href":"https:\/\/www.patrimoine-stephanois.be\/wp\/wp-json\/wp\/v2\/users\/6"}],"replies":[{"embeddable":true,"href":"https:\/\/www.patrimoine-stephanois.be\/wp\/wp-json\/wp\/v2\/comments?post=4616"}],"version-history":[{"count":15,"href":"https:\/\/www.patrimoine-stephanois.be\/wp\/wp-json\/wp\/v2\/pages\/4616\/revisions"}],"predecessor-version":[{"id":4691,"href":"https:\/\/www.patrimoine-stephanois.be\/wp\/wp-json\/wp\/v2\/pages\/4616\/revisions\/4691"}],"wp:attachment":[{"href":"https:\/\/www.patrimoine-stephanois.be\/wp\/wp-json\/wp\/v2\/media?parent=4616"}],"curies":[{"name":"wp","href":"https:\/\/api.w.org\/{rel}","templated":true}]}}