{"id":2108,"date":"2018-08-19T18:22:03","date_gmt":"2018-08-19T16:22:03","guid":{"rendered":"http:\/\/www.patrimoine-stephanois.be\/wp\/?page_id=2108"},"modified":"2018-08-20T11:26:22","modified_gmt":"2018-08-20T09:26:22","slug":"2108-2","status":"publish","type":"page","link":"https:\/\/www.patrimoine-stephanois.be\/wp\/lasbl\/2108-2\/","title":{"rendered":"Nous \u00e9crire"},"content":{"rendered":"\n<div class=\"everest-forms\"><div class=\"evf-container default\" id=\"evf-2200\"><form id=\"evf-form-2200\" class=\"everest-form\" data-formid=\"2200\" data-ajax_submission=\"0\" data-keyboard_friendly_form=\"0\" data-form_state_type=\"\" method=\"post\" enctype=\"multipart\/form-data\" action=\"\/wp\/wp-json\/wp\/v2\/pages\/2108\"><div class=\"evf-field-container\"><input type=\"hidden\" id=\"_wpnonce2200\" name=\"_wpnonce2200\" value=\"b3b2fae9cb\" \/><input type=\"hidden\" name=\"_wp_http_referer\" value=\"\/wp\/wp-json\/wp\/v2\/pages\/2108\" \/><div class=\"evf-frontend-row\" data-row=\"row_1\" conditional_rules=\"[]\"><div class=\"evf-frontend-grid evf-grid-1\" data-grid=\"grid_1\"><div id=\"evf-2200-field_fullname-container\" class=\"evf-field evf-field-text form-row validate-required\" data-required-field-message=\"Ce champ est obligatoire.\" data-field-id=\"fullname\"><label class=\"evf-field-label\" for=\"evf-2200-field_fullname\"><span class=\"evf-label\">Votre Nom et Pr\u00e9nom<\/span> <abbr class=\"required\" title=\"N\u00e9cessaire\">*<\/abbr><\/label><input type=\"text\" id=\"evf-2200-field_fullname\" class=\"input-text\" name=\"everest_forms[form_fields][fullname]\" required><\/div><div id=\"evf-2200-field_jOMrXGxN4j-9-container\" class=\"evf-field evf-field-email form-row validate-required validate-email\" data-required-field-message=\"Veuillez entrer une adresse email correcte.\" data-field-id=\"jOMrXGxN4j-9\"><label class=\"evf-field-label\" for=\"evf-2200-field_jOMrXGxN4j-9\"><span class=\"evf-label\">Votre adresse mail<\/span> <abbr class=\"required\" title=\"N\u00e9cessaire\">*<\/abbr><\/label><input type=\"email\" id=\"evf-2200-field_jOMrXGxN4j-9\" class=\"input-text\" name=\"everest_forms[form_fields][jOMrXGxN4j-9]\" required ><\/div><div id=\"evf-2200-field_IRmJdWcdOR-2-container\" class=\"evf-field evf-field-text form-row validate-required\" data-required-field-message=\"Ce champ est obligatoire.\" data-field-id=\"IRmJdWcdOR-2\"><label class=\"evf-field-label\" for=\"evf-2200-field_IRmJdWcdOR-2\"><span class=\"evf-label\">Votre adresse postale<\/span> <abbr class=\"required\" title=\"N\u00e9cessaire\">*<\/abbr><\/label><input type=\"text\" id=\"evf-2200-field_IRmJdWcdOR-2\" class=\"input-text\" name=\"everest_forms[form_fields][IRmJdWcdOR-2]\" required><\/div><div id=\"evf-2200-field_ULNerzAeri-4-container\" class=\"evf-field evf-field-number form-row validate-required\" data-required-field-message=\"Veuillez entrer un chiffre.\" data-field-id=\"ULNerzAeri-4\"><label class=\"evf-field-label\" for=\"evf-2200-field_ULNerzAeri-4\"><span class=\"evf-label\">Code postal<\/span> <abbr class=\"required\" title=\"N\u00e9cessaire\">*<\/abbr><\/label><input type=\"number\" id=\"evf-2200-field_ULNerzAeri-4\" class=\"input-text\" name=\"everest_forms[form_fields][ULNerzAeri-4]\" step=\"1\" required\/><\/div><div id=\"evf-2200-field_o1ZI97zuV6-6-container\" class=\"evf-field evf-field-text form-row validate-required\" data-required-field-message=\"Ce champ est obligatoire.\" data-field-id=\"o1ZI97zuV6-6\"><label class=\"evf-field-label\" for=\"evf-2200-field_o1ZI97zuV6-6\"><span class=\"evf-label\">Localit\u00e9<\/span> <abbr class=\"required\" title=\"N\u00e9cessaire\">*<\/abbr><\/label><input type=\"text\" id=\"evf-2200-field_o1ZI97zuV6-6\" class=\"input-text\" name=\"everest_forms[form_fields][o1ZI97zuV6-6]\" required><\/div><div id=\"evf-2200-field_BimMIiCi2i-8-container\" class=\"evf-field evf-field-text form-row\" data-field-id=\"BimMIiCi2i-8\"><label class=\"evf-field-label\" for=\"evf-2200-field_BimMIiCi2i-8\"><span class=\"evf-label\">Votre t\u00e9l\u00e9phone-GSM<\/span> <\/label><input type=\"text\" id=\"evf-2200-field_BimMIiCi2i-8\" class=\"input-text\" name=\"everest_forms[form_fields][BimMIiCi2i-8]\" ><\/div><div id=\"evf-2200-field_subject-container\" class=\"evf-field evf-field-text form-row validate-required\" data-required-field-message=\"Ce champ est obligatoire.\" data-field-id=\"subject\"><label class=\"evf-field-label\" for=\"evf-2200-field_subject\"><span class=\"evf-label\">Subject<\/span> <abbr class=\"required\" title=\"N\u00e9cessaire\">*<\/abbr><\/label><input type=\"text\" id=\"evf-2200-field_subject\" class=\"input-text\" name=\"everest_forms[form_fields][subject]\" required><\/div><div id=\"evf-2200-field_message-container\" class=\"evf-field evf-field-textarea form-row\" data-field-id=\"message\"><label class=\"evf-field-label\" for=\"evf-2200-field_message\"><span class=\"evf-label\">Message<\/span> <\/label><textarea id=\"evf-2200-field_message\" class=\"input-text\" name=\"everest_forms[form_fields][message]\"  ><\/textarea><\/div><div id=\"evf-2200-field_1HJm4izM3N-7-container\" class=\"evf-field evf-field-checkbox form-row\" data-field-id=\"1HJm4izM3N-7\"><label class=\"evf-field-label\" for=\"evf-2200-field_1HJm4izM3N-7\"><span class=\"evf-label\">Options<\/span> <\/label><ul id=\"evf-2200-field_1HJm4izM3N-7\"><li class=\"choice-1 depth-1\"><input type=\"checkbox\" id=\"evf-2200-field_1HJm4izM3N-7_1\" class=\"input-text\" name=\"everest_forms[form_fields][1HJm4izM3N-7][]\" value=\"Je souhaite recevoir votre newsletter par mail.\"  ><label class=\"everest-forms-field-label-inline\" for=\"evf-2200-field_1HJm4izM3N-7_1\">Je souhaite recevoir votre newsletter par mail.<\/label><\/li><li class=\"choice-3 depth-1\"><input type=\"checkbox\" id=\"evf-2200-field_1HJm4izM3N-7_3\" class=\"input-text\" name=\"everest_forms[form_fields][1HJm4izM3N-7][]\" value=\"Je souhaite participer en tant que b\u00e9n\u00e9vole \u00e0 vos actions\"  ><label class=\"everest-forms-field-label-inline\" for=\"evf-2200-field_1HJm4izM3N-7_3\">Je souhaite participer en tant que b\u00e9n\u00e9vole \u00e0 vos actions<\/label><\/li><li class=\"choice-4 depth-1\"><input type=\"checkbox\" id=\"evf-2200-field_1HJm4izM3N-7_4\" class=\"input-text\" name=\"everest_forms[form_fields][1HJm4izM3N-7][]\" value=\"Je souhaite devenir membre\"  ><label class=\"everest-forms-field-label-inline\" for=\"evf-2200-field_1HJm4izM3N-7_4\">Je souhaite devenir membre<\/label><\/li><\/ul><\/div><\/div><\/div><\/div><div class=\"evf-honeypot-container evf-field-hp\"><label for=\"evf-2200-field-hp\" class=\"evf-field-label\">Phone<\/label><input type=\"text\" name=\"everest_forms[hp]\" id=\"evf-2200-field-hp\" class=\"input-text\"><\/div><div class=\"evf-submit-container \" ><input type=\"hidden\" name=\"everest_forms[id]\" value=\"2200\"><input type=\"hidden\" name=\"everest_forms[author]\" value=\"1\"><button type='submit' name='everest_forms[submit]' class='everest-forms-submit-button button evf-submit ' id='evf-submit-2200' value='evf-submit' data-process-text=\"Processing\u2026\" conditional_rules='&quot;&quot;' conditional_id='evf-submit-2200'  id=\"evf-submit-2200\" aria-live=\"assertive\">Envoyer<\/button><\/div><\/form><\/div><!-- .evf-container --><\/div>\n","protected":false},"excerpt":{"rendered":"","protected":false},"author":1,"featured_media":0,"parent":1520,"menu_order":0,"comment_status":"closed","ping_status":"closed","template":"","meta":{"footnotes":""},"_links":{"self":[{"href":"https:\/\/www.patrimoine-stephanois.be\/wp\/wp-json\/wp\/v2\/pages\/2108"}],"collection":[{"href":"https:\/\/www.patrimoine-stephanois.be\/wp\/wp-json\/wp\/v2\/pages"}],"about":[{"href":"https:\/\/www.patrimoine-stephanois.be\/wp\/wp-json\/wp\/v2\/types\/page"}],"author":[{"embeddable":true,"href":"https:\/\/www.patrimoine-stephanois.be\/wp\/wp-json\/wp\/v2\/users\/1"}],"replies":[{"embeddable":true,"href":"https:\/\/www.patrimoine-stephanois.be\/wp\/wp-json\/wp\/v2\/comments?post=2108"}],"version-history":[{"count":3,"href":"https:\/\/www.patrimoine-stephanois.be\/wp\/wp-json\/wp\/v2\/pages\/2108\/revisions"}],"predecessor-version":[{"id":2201,"href":"https:\/\/www.patrimoine-stephanois.be\/wp\/wp-json\/wp\/v2\/pages\/2108\/revisions\/2201"}],"up":[{"embeddable":true,"href":"https:\/\/www.patrimoine-stephanois.be\/wp\/wp-json\/wp\/v2\/pages\/1520"}],"wp:attachment":[{"href":"https:\/\/www.patrimoine-stephanois.be\/wp\/wp-json\/wp\/v2\/media?parent=2108"}],"curies":[{"name":"wp","href":"https:\/\/api.w.org\/{rel}","templated":true}]}}