{"id":1793,"date":"2018-08-17T17:52:17","date_gmt":"2018-08-17T15:52:17","guid":{"rendered":"http:\/\/www.patrimoine-stephanois.be\/wp\/?page_id=1793"},"modified":"2026-01-26T17:32:41","modified_gmt":"2026-01-26T15:32:41","slug":"linventaire-permanent-des-sentiers-et-chemins","status":"publish","type":"page","link":"https:\/\/www.patrimoine-stephanois.be\/wp\/les-patrimoines\/le-patrimoine-naturel\/les-sentiers-et-chemins\/linventaire-permanent-des-sentiers-et-chemins\/","title":{"rendered":"L\u2019inventaire permanent des sentiers et chemins"},"content":{"rendered":"\r\n<h2 class=\"wp-block-heading\">Pourquoi un inventaire ?<\/h2>\r\n\r\n\r\n\r\n<p>Si la commune dispose d&rsquo;un recensement complet des chemins vicinaux(1), il faut avouer que l&rsquo;Atlas vicinal de 1841, toujours r\u00e9f\u00e9rence l\u00e9gale, est aujourd&rsquo;hui bien d\u00e9pass\u00e9. La cr\u00e9ation des lignes de chemin de fer, l&rsquo;urbanisation importante, le succ\u00e8s de la voiture, les contraintes agricoles ont modifi\u00e9 les trac\u00e9s. Force est de constater qu&rsquo;en 160 ans, les trac\u00e9s se sont modifi\u00e9s de fait sur le terrain. Certains passent au milieu des propri\u00e9t\u00e9s priv\u00e9es (jardins, maisons, champs cultiv\u00e9s ou p\u00e2tures), ont disparu, ou sont devenus des routes nationales. D&rsquo;autres encore, \u00e0 l&rsquo;abandon, sont envahis par une v\u00e9g\u00e9tation imp\u00e9n\u00e9trable. Les situations juridiques et administratives de chacune de ces voiries sont complexes, ce qui constitue autant de freins \u00e0 l&rsquo;\u00e9tablissement de ce nouvel Atlas r\u00e9gional. Entretemps, les tribunaux continuent \u00e0 \u00eatre encombr\u00e9s de ces situations conflictuelles&#8230;<\/p>\r\n\r\n\r\n\r\n<h2 class=\"wp-block-heading\">L\u2019historique<\/h2>\r\n\r\n\r\n\r\n<p>Depuis 1995, au d\u00e9part des cartes de l&rsquo;Atlas vicinal, les membres du Patrimoine St\u00e9phanois, ont recherch\u00e9 sur le terrain, les sentiers et chemins r\u00e9pertori\u00e9s en 1841. Parall\u00e8lement, un travail dans les archives de la commune devait indiquer les modifications officielles des trac\u00e9s (ventes, suppressions de passage, cr\u00e9ation de nouvelles voies). L&rsquo;inventaire de 1995 a \u00e9t\u00e9 r\u00e9vis\u00e9 et compl\u00e9t\u00e9 une premi\u00e8re fois en 1997. En 1998, le CREAT, centre d&rsquo;\u00e9tudes en am\u00e9nagement du territoire rattach\u00e9 \u00e0 l&rsquo;Universit\u00e9 catholique de Louvain, a utilis\u00e9 cet inventaire pour r\u00e9aliser la carte des voies lentes du sch\u00e9ma de structure de la Commune. La publication des cartes en 2000 a, par cons\u00e9quent, soumis l&rsquo;inventaire des sentiers et chemins \u00e0 l&rsquo;enqu\u00eate publique. Il a \u00e9t\u00e9 revu selon des propositions d&rsquo;ouverture de nouvelles liaisons et en relevant les incoh\u00e9rences avec des lev\u00e9s anciens. En 2000, le Patrimoine St\u00e9phanois d\u00e9cide de relancer une mise \u00e0 jour compl\u00e8te de l&rsquo;inventaire en m\u00eame temps qu&rsquo;un recensement exhaustif des arbres et haies remarquables. En 2003, un nouveau relev\u00e9 g\u00e9n\u00e9ral a permis la mise au point de la 3e publication de l&rsquo;inventaire. Il s&rsquo;agit d&rsquo;un document papier et informatis\u00e9 reprenant quelque 300 fiches et identifiant plus de 100 km de voiries.<br \/>En 2024-2025, notre inventaire a \u00e9t\u00e9 consacr\u00e9 \u00e0 un \u00e9tat des lieux de la petite voirie, afin d&rsquo;aider les services communaux \u00e0 son entretien et son am\u00e9lioration, et dqns l&rsquo;espoir qu&rsquo;une v\u00e9ritable politique de la petite voirie soit mise en place.<\/p>\r\n\r\n\r\n\r\n<h2 class=\"wp-block-heading\">Un nouveau d\u00e9cret<\/h2>\r\n\r\n\r\n\r\n<p>Enfin, en 2014, un <a href=\"https:\/\/wallex.wallonie.be\/files\/pdfs\/13\/20010_D%C3%A9cret_relatif_%C3%A0_la_voirie_communale_01-07-2019-.pdf\">d\u00e9cret relatif aux voiries communales<\/a> a \u00e9t\u00e9 adopt\u00e9. Ce nouveau d\u00e9cret pr\u00e9voit une actualisation de l&rsquo;Atlas vicinal de 1841, mais la patience est encore de mise pour une actualisation officielle compl\u00e8te. En effet, une s\u00e9rie de tests pilotes ont \u00eatre mis en \u0153uvre pour d\u00e9finir pr\u00e9cis\u00e9ment la m\u00e9thodologie qui sera appliqu\u00e9e mais aucune suite n&rsquo;y a \u00e9t\u00e9 donn\u00e9e. On attend toujours que les politiciens wallons s&#8217;emparent du sujet&#8230;<\/p>\r\n\r\n\r\n\r\n<h2 class=\"wp-block-heading\">Et sur le terrain?<\/h2>\r\n\r\n\r\n\r\n<p>Nos observations se font par groupe de deux ou trois personnes&#8230; \u00e0 pied ou \u00e0 v\u00e9lo. L&rsquo;inventaire est bas\u00e9 sur une fiche descriptive du sentier ou du chemin. Chaque fiche mentionne les \u00e9l\u00e9ments d&rsquo;identification et de localisation du sentier ou du chemin concern\u00e9 ; elle reprend la date d&rsquo;\u00e9laboration de la fiche et le nom de son auteur. Elle fournit des informations descriptives relatives \u00e0 la v\u00e9g\u00e9tation et au b\u00e2ti proches du sentier ou du chemin.\u00a0<\/p>\r\n\r\n\r\n\r\n<p>Voici en d\u00e9tail les points r\u00e9pertori\u00e9s d\u00e8s 1995 :\u00a0 les informations g\u00e9n\u00e9rales : outre un <strong>num\u00e9ro de fiche<\/strong>\u00a0unique, les\u00a0<strong>dates du relev\u00e9<\/strong>\u00a0et les\u00a0<strong>coordonn\u00e9es du ou des observateurs<\/strong>, nous reprenons comme \u00e9l\u00e9ment principal de distinction le\u00a0<strong>num\u00e9ro du sentier ou chemin de l&rsquo;Atlas<\/strong>\u00a0pr\u00e9fix\u00e9 de CH pour chemin ou S pour sentier. Lors de la fusion des communes en 1976,\u00a0 le nouveau territoire Court-Saint-\u00c9tienne s&rsquo;est agrandi par l&rsquo;adjonction des zones de Tangissart et de Limauge ; afin de ne pas confondre les num\u00e9rotations anciennes de l&rsquo;Atlas, nous les avons respectivement pr\u00e9fix\u00e9es des lettres T et L ;\u00a0<\/p>\r\n\r\n\r\n\r\n<ul>\r\n<li>les informations sur le village ou quartier :\u00a0<strong>nom<\/strong>\u00a0actuel du sentier,\u00a0<strong>localisation<\/strong>\u00a0: essentiel s&rsquo;il s&rsquo;agit de d\u00e9crire une portion de la voirie,\u00a0<strong>largeur\u00a0<\/strong>et\u00a0<strong>rev\u00eatement<\/strong>, description des\u00a0<strong>accotements<\/strong>,\u00a0<strong>usage<\/strong>\u00a0<strong>observ\u00e9<\/strong>,\u00a0<strong>usage\u00a0<\/strong><strong>possible<\/strong>\u00a0et\u00a0<strong>viabilit\u00e9, \u00e9tat g\u00e9n\u00e9ral\u00a0<\/strong>;<\/li>\r\n<li>l&rsquo;environnement :\u00a0int\u00e9r\u00eat\u00a0<strong>paysager<\/strong>, zone\u00a0<strong>agricole<\/strong>,\u00a0<strong>prairie<\/strong>,\u00a0<strong>champs<\/strong>,\u00a0<strong>cours d&rsquo;eau<\/strong>,\u00a0<strong>source<\/strong>,\u00a0<strong>marais<\/strong>, zone\u00a0<strong>humide<\/strong>,\u00a0<strong>bois<\/strong>,\u00a0<strong>zone d&rsquo;habitat\u00a0<\/strong>;<br \/>les plantes remarquables :\u00a0 bien que cet \u00e9l\u00e9ment ait fait l&rsquo;objet d&rsquo;un inventaire particulier (voir\u00a0<a href=\"https:\/\/www.patrimoine-stephanois.be\/wp\/les-patrimoines\/le-patrimoine-naturel\/flore-et-faune\/les-arbres-et-haies-remarquables\/\">les arbres et haies remarquables<\/a>) l&rsquo;inventaire pr\u00e9cise la pr\u00e9sence de\u00a0<strong>bois<\/strong>,\u00a0<strong>bosquet<\/strong>,\u00a0<strong>arbre isol\u00e9<\/strong>,\u00a0<strong>alignement d&rsquo;arbres<\/strong>,\u00a0<strong>haies<\/strong>\u00a0;<br \/>l&rsquo;am\u00e9nagement du territoire : cet ensemble d&rsquo;observations d\u00e9crit les constructions en g\u00e9n\u00e9ral, en soulignant la pr\u00e9sence d&rsquo;un patrimoine monumental, architectural petit ou grand ; on y distingue les rubriques\u00a0<strong>construction<\/strong>,\u00a0<strong>patrimoine b\u00e2ti<\/strong>,\u00a0<strong>lotissement<\/strong>,\u00a0<strong>ferme<\/strong>,\u00a0<strong>chapelle<\/strong>,\u00a0<strong>potale<\/strong>,\u00a0<strong>\u00e9glise-clocher<\/strong>,\u00a0<strong>moulin<\/strong>\u00a0; on y recense \u00e9galement la pr\u00e9sence de\u00a0<strong>lignes \u00e0 haute tension<\/strong>, la\u00a0<strong>signalisation<\/strong>\u00a0et tout\u00a0<strong>autre \u00e9quipement<\/strong>\u00a0tel que mobilier, chicanes;<\/li>\r\n<li>le statut :\u00a0a priori toujours \u00e0\u00a0<strong>usage public<\/strong>, nous notons les indications d&rsquo;<strong>usage priv\u00e9<\/strong>\u00a0; ces points d&rsquo;observations seront v\u00e9rifi\u00e9s plus tard ;<br \/>les modifications de l&rsquo;Atlas : il s&rsquo;agit ici d&rsquo;expliquer les raisons des\u00a0<strong>modifications<\/strong>\u00a0depuis la r\u00e9alisation de l&rsquo;Atlas il y a 160 ans ! Les rubriques suivantes sont compl\u00e9t\u00e9es si possible : type de servitude, cat\u00e9gorie,\u00a0 entraves, perte par prescription extinctive, d\u00e9plac\u00e9, revendu ou supprim\u00e9, cession de la commune, propri\u00e9taire actuel et occupation ;<\/li>\r\n<li>commentaires :\u00a0 enfin, toute annotation libre permet souvent des descriptions inclassables ; id\u00e9alement, une photo jointe compl\u00e8te la fiche descriptive.<\/li>\r\n<\/ul>\r\n\r\n\r\n\r\n<figure class=\"wp-block-image size-large\"><img decoding=\"async\" loading=\"lazy\" width=\"1024\" height=\"768\" class=\"wp-image-3923\" src=\"https:\/\/www.patrimoine-stephanois.be\/wp\/wp-content\/uploads\/2019\/11\/DSCN4847-1024x768.jpg\" alt=\"\" srcset=\"https:\/\/www.patrimoine-stephanois.be\/wp\/wp-content\/uploads\/2019\/11\/DSCN4847-1024x768.jpg 1024w, https:\/\/www.patrimoine-stephanois.be\/wp\/wp-content\/uploads\/2019\/11\/DSCN4847-300x225.jpg 300w, https:\/\/www.patrimoine-stephanois.be\/wp\/wp-content\/uploads\/2019\/11\/DSCN4847-768x576.jpg 768w, https:\/\/www.patrimoine-stephanois.be\/wp\/wp-content\/uploads\/2019\/11\/DSCN4847-1536x1152.jpg 1536w, https:\/\/www.patrimoine-stephanois.be\/wp\/wp-content\/uploads\/2019\/11\/DSCN4847-2048x1536.jpg 2048w\" sizes=\"(max-width: 1024px) 100vw, 1024px\" \/>\r\n<figcaption>off Court Saint Etienne &#8211; le Patrimoine St\u00e9phanois<\/figcaption>\r\n<\/figure>\r\n\r\n\r\n\r\n<h2 class=\"wp-block-heading\">L\u2019apr\u00e8s-inventaire<\/h2>\r\n\r\n\r\n\r\n<p>Dans le but de faire d\u00e9couvrir \u00e0 nos concitoyens le splendide r\u00e9seau de sentiers et chemins de Court-Saint-\u00c9tienne, notre association organise chaque ann\u00e9e depuis 1999 quatre promenades saisonni\u00e8res comment\u00e9es, durant lesquelles nous sensibilisons les participants \u00e0 l\u2019int\u00e9r\u00eat de ces sentiers et chemins.<\/p>\r\n<p>Une carte assortie d&rsquo;un descriptif d\u00e9taill\u00e9 de l&rsquo;itin\u00e9raire et des points d&rsquo;int\u00e9r\u00eat est r\u00e9guli\u00e8rement r\u00e9\u00e9dit\u00e9e. Ces itin\u00e9raires sont accessibles \u00e9galement sur notre site internet (<a href=\"https:\/\/www.patrimoine-stephanois.be\/wp\/les-promenades-2\/les-promenades-edition-2014\/\">voir les pages promenades<\/a>).\u00a0<\/p>\r\n\r\n\r\n\r\n<p>Cet inventaire est l\u2019occasion d\u2019une collaboration consultative avec des institutions officielles comme la commune (dans le cadre de demande de d\u00e9placement ou suppression de sentiers ou chemins ou lors de manifestation sportive, cet outil permet la pr\u00e9sentation rapide d\u2019avis) et le CREAT (cet inventaire a contribu\u00e9 \u00e0 la r\u00e9alisation de la carte des voies lentes du sch\u00e9ma de structure de la commune). L\u2019inventaire est aussi le relais vers d\u2019autres initiatives comme des travaux d\u2019entretien et nettoyage de sentiers publics r\u00e9alis\u00e9s par l\u2019unit\u00e9 scoute de Sart-Messire-Guillaume ou d\u2019autres organis\u00e9s par le CPAS (op\u00e9ration \u00c9t\u00e9 solidaire) de Court-Saint-\u00c9tienne.<\/p>\r\n\r\n\r\n\r\n<h4 class=\"wp-block-heading\"><strong>Lexique<\/strong><\/h4>\r\n\r\n\r\n\r\n<p>(1)\u00a0chemins vicinaux : la loi du 10 avril 1841 sur les chemins vicinaux couvre tant les chemins que les sentiers. Ils se r\u00e9partissent en deux cat\u00e9gories : ceux dont le sol est dans le domaine de la commune et ceux qui sont \u00e9tablis sur le fonds des propri\u00e9taires riverains, g\u00e9n\u00e9ralement d\u00e9nomm\u00e9s servitudes vicinales de passage. Il existe des voiries communales, non reprises dans l&rsquo;Atlas de 1841.<\/p>\r\n\r\n\r\n\r\n<h4 class=\"wp-block-heading\"><strong>Bibliographie<\/strong><\/h4>\r\n\r\n\r\n\r\n<ul>\r\n<li><strong>DUBOISDENGHIEN M., 1992.<\/strong>\u00a0Dans les rues du village, histoire de Court, histoire tout court. Ed Quorum, 167p.<\/li>\r\n<li><strong>GUISSARD A., 2000.<\/strong>\u00a0Projet: proposition de modifications \u00e0 apporter \u00e0 la loi du 10 avril 1841 sur les chemins vicinaux. In\u00e9dit Groupe Sentiers a.s.b.l. 1325 Chaumont-Gistoux. 4p.<\/li>\r\n<li><strong>MARMANN-GALLEZ F., 2001.<\/strong>\u00a0Les voies vertes : les voies de communication de demain. In Acad\u00e9mie d&rsquo;urbanisme 2000 : \u00a0\u00bb La mobilit\u00e9 en Brabant wallon\u00a0\u00bb, Actes. Ed. Maison de l&rsquo;Urbanisme du Brabant wallon CCBW 1490 Court-St-Etienne. pp 88-90.<\/li>\r\n<\/ul>\r\n\r\n\r\n\r\n<p>J. PH. LEFIN 07\/07\/2004 &#8211; m\u00e0j.IL 26\/01\/2026<\/p>\r\n","protected":false},"excerpt":{"rendered":"<p>Pourquoi un inventaire ? Si la commune dispose d&rsquo;un recensement complet des chemins vicinaux(1), il faut avouer que l&rsquo;Atlas vicinal de 1841, toujours r\u00e9f\u00e9rence l\u00e9gale, est aujourd&rsquo;hui bien d\u00e9pass\u00e9. La cr\u00e9ation des lignes de chemin de fer, l&rsquo;urbanisation importante, le<\/p>\n","protected":false},"author":1,"featured_media":0,"parent":1504,"menu_order":0,"comment_status":"closed","ping_status":"closed","template":"","meta":{"footnotes":""},"_links":{"self":[{"href":"https:\/\/www.patrimoine-stephanois.be\/wp\/wp-json\/wp\/v2\/pages\/1793"}],"collection":[{"href":"https:\/\/www.patrimoine-stephanois.be\/wp\/wp-json\/wp\/v2\/pages"}],"about":[{"href":"https:\/\/www.patrimoine-stephanois.be\/wp\/wp-json\/wp\/v2\/types\/page"}],"author":[{"embeddable":true,"href":"https:\/\/www.patrimoine-stephanois.be\/wp\/wp-json\/wp\/v2\/users\/1"}],"replies":[{"embeddable":true,"href":"https:\/\/www.patrimoine-stephanois.be\/wp\/wp-json\/wp\/v2\/comments?post=1793"}],"version-history":[{"count":13,"href":"https:\/\/www.patrimoine-stephanois.be\/wp\/wp-json\/wp\/v2\/pages\/1793\/revisions"}],"predecessor-version":[{"id":5653,"href":"https:\/\/www.patrimoine-stephanois.be\/wp\/wp-json\/wp\/v2\/pages\/1793\/revisions\/5653"}],"up":[{"embeddable":true,"href":"https:\/\/www.patrimoine-stephanois.be\/wp\/wp-json\/wp\/v2\/pages\/1504"}],"wp:attachment":[{"href":"https:\/\/www.patrimoine-stephanois.be\/wp\/wp-json\/wp\/v2\/media?parent=1793"}],"curies":[{"name":"wp","href":"https:\/\/api.w.org\/{rel}","templated":true}]}}