{"id":1512,"date":"2018-08-13T16:59:07","date_gmt":"2018-08-13T14:59:07","guid":{"rendered":"http:\/\/www.patrimoine-stephanois.be\/wp\/?page_id=1512"},"modified":"2026-02-16T12:09:08","modified_gmt":"2026-02-16T10:09:08","slug":"les-promenades-edition-2014","status":"publish","type":"page","link":"https:\/\/www.patrimoine-stephanois.be\/wp\/les-promenades-2\/les-promenades-edition-2014\/","title":{"rendered":"Les promenades (version \u00e0 imprimer)"},"content":{"rendered":"\r\n<p>Toutes ces promenades sont d\u00e9crites et comment\u00e9es sur\u00a0<a href=\"http:\/\/www.sitytrail.com\/tours\/search\/?Nville=&amp;username=PatSteph\" target=\"_blank\" rel=\"noreferrer noopener\">SityTrail<\/a>, voir le commentaire en bas de cette page.<\/p>\r\n\r\n\r\n\r\n<p>Cliquez sur le nom d\u2019une promenade dans la liste ci-dessous pour en lire une courte description et y t\u00e9l\u00e9charger le plan et le descriptif des points d\u2019int\u00e9r\u00eat. Vous y trouverez aussi le lien d\u2019acc\u00e8s \u00e0 la carte SityTrail pour ordinateur et le code QR pour acc\u00e8s direct sur smartphone\/tablette.<\/p>\r\n\r\n\r\n\r\n<p>Promenade\u00a0<strong>1,\u00a0<\/strong><a href=\"https:\/\/www.patrimoine-stephanois.be\/wp\/les-promenades-2\/les-promenades-edition-2014\/promenade-n-1\/\">de la Chapelle aux sabots<\/a><br \/>(nouvel itin\u00e9raire de la promenade des Escav\u00e9es de l\u2019\u00e9dition 2011)<br \/>Promenade\u00a0<strong>2<\/strong>,\u00a0<a href=\"https:\/\/www.patrimoine-stephanois.be\/wp\/les-promenades-2\/les-promenades-edition-2014\/promenade-n-2\">de la Cala<\/a>\u00a0(nouvel itin\u00e9raire)<br \/>Promenade\u00a0<strong>3<\/strong>,\u00a0<a href=\"https:\/\/www.patrimoine-stephanois.be\/wp\/les-promenades-2\/les-promenades-edition-2014\/promenade-n-3\">de Franquenies<\/a><br \/>Promenade\u00a0<strong>4<\/strong>,\u00a0<a href=\"https:\/\/www.patrimoine-stephanois.be\/wp\/les-promenades-2\/les-promenades-edition-2014\/promenade-n-4\">du Ruchaux<\/a><br \/>Promenade\u00a0<strong>5<\/strong>,\u00a0<a href=\"https:\/\/www.patrimoine-stephanois.be\/wp\/les-promenades-2\/les-promenades-edition-2014\/promenade-n-5\">du Glori<\/a><br \/>Promenade\u00a0<strong>6<\/strong>,\u00a0<a href=\"https:\/\/www.patrimoine-stephanois.be\/wp\/les-promenades-2\/les-promenades-edition-2014\/promenade-n-6\">du Chenoy<\/a><br \/>Promenade\u00a0<strong>7<\/strong>,\u00a0<a href=\"https:\/\/www.patrimoine-stephanois.be\/wp\/les-promenades-2\/les-promenades-edition-2014\/promenade-n-7\">des Wignets<\/a><br \/>Promenade\u00a0<strong>8<\/strong>,\u00a0<a href=\"https:\/\/www.patrimoine-stephanois.be\/wp\/les-promenades-2\/les-promenades-edition-2014\/promenade-n-8\">du Sartage<\/a><br \/>Promenade\u00a0<strong>9<\/strong>,\u00a0<a href=\"https:\/\/www.patrimoine-stephanois.be\/wp\/les-promenades-2\/les-promenades-edition-2014\/promenade-n-9\">de Chevlipont<\/a><br \/>Promenade\u00a0<strong>10<\/strong>,\u00a0<a href=\"https:\/\/www.patrimoine-stephanois.be\/wp\/les-promenades-2\/les-promenades-edition-2014\/promenade-n-10\">des Tombelles<\/a><br \/>Promenade\u00a0<strong>11<\/strong>,\u00a0<a href=\"https:\/\/www.patrimoine-stephanois.be\/wp\/les-promenades-2\/les-promenades-edition-2014\/promenade-n-11\">de Suzeril et de la vall\u00e9e de la Thyle<\/a><br \/>Promenade\u00a0<strong>12<\/strong>,\u00a0<a href=\"https:\/\/www.patrimoine-stephanois.be\/wp\/les-promenades-2\/les-promenades-edition-2014\/promenade-n-12\">des monuments du centre et de la vall\u00e9e de l\u2019Orne<\/a><br \/>Promenade\u00a0<strong>13<\/strong>, du pr\u00e9-RAVeL et chemin de la Filature (accessible PMR)<br \/>Promenade\u00a0<strong>14<\/strong>, de la Thyle au Chenoy (voir sur\u00a0<a href=\"http:\/\/www.sitytrail.com\/tours\/search\/?Nville=&amp;username=PatSteph\" target=\"_blank\" rel=\"noreferrer noopener\">SityTrail<\/a>)<\/p>\r\n\r\n\r\n\r\n<p>Nos promenades sont\u00a0<strong>balis\u00e9es<\/strong>. Nous avons adopt\u00e9 le syst\u00e8me de balisage des G.R., en rempla\u00e7ant le rouge par le vert.<br \/>Vous en trouverez une explication d\u00e9taill\u00e9e sur la page\u00a0<a href=\"https:\/\/www.patrimoine-stephanois.be\/wp\/promenades-systeme-de-balisage\/\">Balisage<\/a>.<\/p>\r\n\r\n\r\n\r\n<p>Toutes nos balades sont disponibles sur le site\u00a0<a href=\"http:\/\/www.sitytrail.com\/tours\/search\/?Nville=&amp;username=PatSteph\" target=\"_blank\" rel=\"noreferrer noopener\">SityTrail<\/a>. L&rsquo;inscription vous donne droit \u00e0 une p\u00e9riode gratuite de quelques jours, apr\u00e8s quoi vous pouvez choisir des formules d&rsquo;abonnement mensuel ou annuel, dont le montant varie en fonction du type de carte souhait\u00e9 (par exemple carte IGN, OpenStreetMap, Google,\u2026). L\u2019abonnement sera actif sur tous les supports enregistr\u00e9s \u00e0 votre nom (ordinateur, smartphone, tablette,&#8230;).<\/p>\r\n\r\n\r\n\r\n<figure class=\"wp-block-image\"><img decoding=\"async\" loading=\"lazy\" width=\"4288\" height=\"3216\" class=\"wp-image-2406\" src=\"https:\/\/www.patrimoine-stephanois.be\/wp\/wp-content\/uploads\/2018\/09\/JP_IMGP0422_chLongueHaie_et_GdeEscavee.jpg\" alt=\"\" srcset=\"https:\/\/www.patrimoine-stephanois.be\/wp\/wp-content\/uploads\/2018\/09\/JP_IMGP0422_chLongueHaie_et_GdeEscavee.jpg 4288w, https:\/\/www.patrimoine-stephanois.be\/wp\/wp-content\/uploads\/2018\/09\/JP_IMGP0422_chLongueHaie_et_GdeEscavee-300x225.jpg 300w, https:\/\/www.patrimoine-stephanois.be\/wp\/wp-content\/uploads\/2018\/09\/JP_IMGP0422_chLongueHaie_et_GdeEscavee-768x576.jpg 768w, https:\/\/www.patrimoine-stephanois.be\/wp\/wp-content\/uploads\/2018\/09\/JP_IMGP0422_chLongueHaie_et_GdeEscavee-1024x768.jpg 1024w, https:\/\/www.patrimoine-stephanois.be\/wp\/wp-content\/uploads\/2018\/09\/JP_IMGP0422_chLongueHaie_et_GdeEscavee-600x450.jpg 600w\" sizes=\"(max-width: 4288px) 100vw, 4288px\" \/><\/figure>\r\n","protected":false},"excerpt":{"rendered":"<p>Toutes ces promenades sont d\u00e9crites et comment\u00e9es sur\u00a0SityTrail, voir le commentaire en bas de cette page. Cliquez sur le nom d\u2019une promenade dans la liste ci-dessous pour en lire une courte description et y t\u00e9l\u00e9charger le plan et le descriptif<\/p>\n","protected":false},"author":1,"featured_media":0,"parent":1798,"menu_order":0,"comment_status":"closed","ping_status":"closed","template":"","meta":{"footnotes":""},"_links":{"self":[{"href":"https:\/\/www.patrimoine-stephanois.be\/wp\/wp-json\/wp\/v2\/pages\/1512"}],"collection":[{"href":"https:\/\/www.patrimoine-stephanois.be\/wp\/wp-json\/wp\/v2\/pages"}],"about":[{"href":"https:\/\/www.patrimoine-stephanois.be\/wp\/wp-json\/wp\/v2\/types\/page"}],"author":[{"embeddable":true,"href":"https:\/\/www.patrimoine-stephanois.be\/wp\/wp-json\/wp\/v2\/users\/1"}],"replies":[{"embeddable":true,"href":"https:\/\/www.patrimoine-stephanois.be\/wp\/wp-json\/wp\/v2\/comments?post=1512"}],"version-history":[{"count":12,"href":"https:\/\/www.patrimoine-stephanois.be\/wp\/wp-json\/wp\/v2\/pages\/1512\/revisions"}],"predecessor-version":[{"id":5687,"href":"https:\/\/www.patrimoine-stephanois.be\/wp\/wp-json\/wp\/v2\/pages\/1512\/revisions\/5687"}],"up":[{"embeddable":true,"href":"https:\/\/www.patrimoine-stephanois.be\/wp\/wp-json\/wp\/v2\/pages\/1798"}],"wp:attachment":[{"href":"https:\/\/www.patrimoine-stephanois.be\/wp\/wp-json\/wp\/v2\/media?parent=1512"}],"curies":[{"name":"wp","href":"https:\/\/api.w.org\/{rel}","templated":true}]}}