{"id":1498,"date":"2018-08-13T16:43:49","date_gmt":"2018-08-13T14:43:49","guid":{"rendered":"http:\/\/www.patrimoine-stephanois.be\/wp\/?page_id=1498"},"modified":"2019-11-22T18:25:28","modified_gmt":"2019-11-22T16:25:28","slug":"flore-et-faune","status":"publish","type":"page","link":"https:\/\/www.patrimoine-stephanois.be\/wp\/les-patrimoines\/le-patrimoine-naturel\/flore-et-faune\/","title":{"rendered":"Faune"},"content":{"rendered":"\n<p>Concernant la faune \u00e0 Court-Saint-Etienne, un nouvel habitant fait beaucoup parler de lui depuis quelques ann\u00e9es: le <a href=\"https:\/\/www.patrimoine-stephanois.be\/wp\/les-patrimoines\/le-patrimoine-naturel\/flore-et-faune\/les-castors-de-la-thyle\/\">castor<\/a>.<br>En ce qui concerne les <a href=\"https:\/\/www.patrimoine-stephanois.be\/wp\/les-patrimoines\/le-patrimoine-naturel\/flore-et-faune\/nichoirs-a-faucon-crecerelle\/\">oiseaux<\/a>, des nichoirs ont \u00e9t\u00e9 install\u00e9s, pour diff\u00e9rentes esp\u00e8ces: le faucon, le cingle plongeur et les bergeronnettes des ruisseaux, ainsi que les petits passereaux de nos sentiers et chemins. <br><br>Si la faune de nos r\u00e9gions vous int\u00e9resse, nous vous sugg\u00e9rons de vous rendre sur le <a href=\"http:\/\/http:\/\/biodiversite.wallonie.be\/fr\/especes.html?IDC=3025\">site de la R\u00e9gion wallonne<\/a> d\u00e9di\u00e9 \u00e0 ce sujet. <\/p>\n\n\n\n<figure class=\"wp-block-image size-large\"><img decoding=\"async\" loading=\"lazy\" width=\"1024\" height=\"768\" src=\"https:\/\/www.patrimoine-stephanois.be\/wp\/wp-content\/uploads\/2019\/11\/IMG_0325-1024x768.jpg\" alt=\"\" class=\"wp-image-3912\" srcset=\"https:\/\/www.patrimoine-stephanois.be\/wp\/wp-content\/uploads\/2019\/11\/IMG_0325-1024x768.jpg 1024w, https:\/\/www.patrimoine-stephanois.be\/wp\/wp-content\/uploads\/2019\/11\/IMG_0325-300x225.jpg 300w, https:\/\/www.patrimoine-stephanois.be\/wp\/wp-content\/uploads\/2019\/11\/IMG_0325-768x576.jpg 768w, https:\/\/www.patrimoine-stephanois.be\/wp\/wp-content\/uploads\/2019\/11\/IMG_0325-1536x1152.jpg 1536w, https:\/\/www.patrimoine-stephanois.be\/wp\/wp-content\/uploads\/2019\/11\/IMG_0325-2048x1536.jpg 2048w\" sizes=\"(max-width: 1024px) 100vw, 1024px\" \/><figcaption>Chevreuils pr\u00e8s de l&rsquo;Arbre de la Belle Alliance<\/figcaption><\/figure>\n","protected":false},"excerpt":{"rendered":"<p>Concernant la faune \u00e0 Court-Saint-Etienne, un nouvel habitant fait beaucoup parler de lui depuis quelques ann\u00e9es: le castor.En ce qui concerne les oiseaux, des nichoirs ont \u00e9t\u00e9 install\u00e9s, pour diff\u00e9rentes esp\u00e8ces: le faucon, le cingle plongeur et les bergeronnettes des<\/p>\n","protected":false},"author":1,"featured_media":0,"parent":1494,"menu_order":2,"comment_status":"closed","ping_status":"closed","template":"","meta":{"footnotes":""},"_links":{"self":[{"href":"https:\/\/www.patrimoine-stephanois.be\/wp\/wp-json\/wp\/v2\/pages\/1498"}],"collection":[{"href":"https:\/\/www.patrimoine-stephanois.be\/wp\/wp-json\/wp\/v2\/pages"}],"about":[{"href":"https:\/\/www.patrimoine-stephanois.be\/wp\/wp-json\/wp\/v2\/types\/page"}],"author":[{"embeddable":true,"href":"https:\/\/www.patrimoine-stephanois.be\/wp\/wp-json\/wp\/v2\/users\/1"}],"replies":[{"embeddable":true,"href":"https:\/\/www.patrimoine-stephanois.be\/wp\/wp-json\/wp\/v2\/comments?post=1498"}],"version-history":[{"count":8,"href":"https:\/\/www.patrimoine-stephanois.be\/wp\/wp-json\/wp\/v2\/pages\/1498\/revisions"}],"predecessor-version":[{"id":3913,"href":"https:\/\/www.patrimoine-stephanois.be\/wp\/wp-json\/wp\/v2\/pages\/1498\/revisions\/3913"}],"up":[{"embeddable":true,"href":"https:\/\/www.patrimoine-stephanois.be\/wp\/wp-json\/wp\/v2\/pages\/1494"}],"wp:attachment":[{"href":"https:\/\/www.patrimoine-stephanois.be\/wp\/wp-json\/wp\/v2\/media?parent=1498"}],"curies":[{"name":"wp","href":"https:\/\/api.w.org\/{rel}","templated":true}]}}