{"id":1494,"date":"2018-08-13T16:42:28","date_gmt":"2018-08-13T14:42:28","guid":{"rendered":"http:\/\/www.patrimoine-stephanois.be\/wp\/?page_id=1494"},"modified":"2019-10-12T11:29:15","modified_gmt":"2019-10-12T09:29:15","slug":"le-patrimoine-naturel","status":"publish","type":"page","link":"https:\/\/www.patrimoine-stephanois.be\/wp\/les-patrimoines\/le-patrimoine-naturel\/","title":{"rendered":"Le patrimoine naturel"},"content":{"rendered":"\n<div class=\"wp-block-image\"><figure class=\"aligncenter\"><img decoding=\"async\" src=\"http:\/\/www.patrimoine-stephanois.be\/New_Site1\/styled-49\/files\/img_3692.jpg\" alt=\"IMG_3692\"\/><\/figure><\/div>\n\n\n\n<p><\/p>\n\n\n\n<p><br>Court-Saint-\u00c9tienne se caract\u00e9rise&nbsp;par un relief vari\u00e9 \u00e9maill\u00e9 d\u2019une large gamme de paysages et d&rsquo;<a href=\"https:\/\/www.patrimoine-stephanois.be\/wp\/les-patrimoines\/le-patrimoine-naturel\/trois-ecosystemes-typiques-de-notre-region\/\">\u00e9cosyst\u00e8mes. <\/a>Cette&nbsp;richesse&nbsp;est prot\u00e9g\u00e9e par deux types de statuts: <a href=\"https:\/\/www.patrimoine-stephanois.be\/wp\/les-patrimoines\/le-patrimoine-naturel\/natura-2000-a-court-saint-etienne\/\">Sites de grand int\u00e9r\u00eat biologique (SGIB) et sites Natura 2000<\/a> <\/p>\n\n\n\n<p>La meilleure fa\u00e7on de d\u00e9couvrir sa <a href=\"https:\/\/www.patrimoine-stephanois.be\/wp\/les-patrimoines\/le-patrimoine-naturel\/geologie\/\">g\u00e9ologie<\/a> est la promenade par monts et par vaux, sur son r\u00e9seau \u00e9tendu de&nbsp;<a href=\"https:\/\/www.patrimoine-stephanois.be\/wp\/les-patrimoines\/le-patrimoine-naturel\/les-sentiers-et-chemins\/\">sentiers et chemins<\/a>. Les trois vall\u00e9es de la commune ont \u00e9t\u00e9 dessin\u00e9es par ses <a href=\"https:\/\/www.patrimoine-stephanois.be\/wp\/les-patrimoines\/le-patrimoine-naturel\/les-cours-deau\/\">trois rivi\u00e8res<\/a> et leurs affluents. <\/p>\n\n\n\n<p>En ce qui concerne la <a href=\"https:\/\/www.patrimoine-stephanois.be\/wp\/les-patrimoines\/le-patrimoine-naturel\/flore-et-faune\/\">faune<\/a> de notre commune, le castor modifie continuellement la Thyle et le Ry d&rsquo;Hez. Quant aux oiseaux, le Patrimoine St\u00e9phanois a install\u00e9 des nichoirs pour de nombreuses esp\u00e8ces. <\/p>\n\n\n\n<p>Court-Saint-Etienne offre \u00e9galement un patrimoine bois\u00e9 et forestier exceptionnel en Brabant wallon, avec ses 715 hectares de for\u00eat, ses <a href=\"https:\/\/www.patrimoine-stephanois.be\/wp\/les-patrimoines\/le-patrimoine-naturel\/les-arbres-et-haies-remarquables\/\">260 arbres remarquables et ses 12 haies remarquables<\/a><\/p>\n\n\n\n<h4 class=\"wp-block-heading\">Historique du paysage<\/h4>\n\n\n\n<p>Le paysage aujourd\u2019hui est assez diff\u00e9rent de ce qu\u2019il fut autrefois.\u00a0Jusqu\u2019au d\u00e9but du Moyen \u00c2ge, Court-Saint-\u00c9tienne et les environs \u00e9taient englob\u00e9s dans la vaste \u00ab\u00a0For\u00eat charbonni\u00e8re\u00a0\u00bb qui couvrait alors une bonne partie des provinces actuelles du Hainaut, du Brabant wallon et du Brabant flamand. En 1146, des moines cisterciens envoy\u00e9s par l\u2019abbaye de Clairvaux en Champagne s\u2019install\u00e8rent le long de la Thyle et y construisirent les premiers b\u00e2timents de la future abbaye de Villers-la-Ville. Sous leur impulsion, une partie importante de la for\u00eat environnante fut rapidement d\u00e9frich\u00e9e. Sur les plateaux limoneux, elle fut remplac\u00e9e par des cultures. L\u00e0 o\u00f9 le sol \u00e9tait moins fertile, d\u2019autres activit\u00e9s humaines d\u00e9j\u00e0 pratiqu\u00e9es depuis de nombreux si\u00e8cles permirent le d\u00e9veloppement de milieux tels que des landes \u00e0 bruy\u00e8re sur les versants sablonneux p\u00e2tur\u00e9s, des pr\u00e9s de fauche dans les fonds de vall\u00e9e humides, etc. La diversification des milieux eut pour cons\u00e9quence un accroissement de la diversit\u00e9 de la faune et de la flore. Lors de la r\u00e9volution agricole du 19e\u00a0si\u00e8cle, une banalisation des paysages s\u2019op\u00e9ra. Les landes \u00e0 bruy\u00e8re, au sol pauvre, furent plant\u00e9es d\u2019arbres r\u00e9sineux. Les sols plus fertiles furent engraiss\u00e9s et pulv\u00e9ris\u00e9s. Les haies furent pour la plupart remplac\u00e9es par des cl\u00f4tures de fil de fer barbel\u00e9. Il en r\u00e9sulta une diminution de la biodiversit\u00e9. Heureusement, il subsiste encore dans notre r\u00e9gion, et tout particuli\u00e8rement \u00e0 Court-Saint-\u00c9tienne, de magnifiques paysages et des sites naturels de grand int\u00e9r\u00eat, qui m\u00e9ritent d\u2019\u00eatre sauvegard\u00e9s.<br><br><\/p>\n","protected":false},"excerpt":{"rendered":"<p>Court-Saint-\u00c9tienne se caract\u00e9rise&nbsp;par un relief vari\u00e9 \u00e9maill\u00e9 d\u2019une large gamme de paysages et d&rsquo;\u00e9cosyst\u00e8mes. Cette&nbsp;richesse&nbsp;est prot\u00e9g\u00e9e par deux types de statuts: Sites de grand int\u00e9r\u00eat biologique (SGIB) et sites Natura 2000 La meilleure fa\u00e7on de d\u00e9couvrir sa g\u00e9ologie est la<\/p>\n","protected":false},"author":1,"featured_media":0,"parent":1555,"menu_order":0,"comment_status":"closed","ping_status":"closed","template":"","meta":{"footnotes":""},"_links":{"self":[{"href":"https:\/\/www.patrimoine-stephanois.be\/wp\/wp-json\/wp\/v2\/pages\/1494"}],"collection":[{"href":"https:\/\/www.patrimoine-stephanois.be\/wp\/wp-json\/wp\/v2\/pages"}],"about":[{"href":"https:\/\/www.patrimoine-stephanois.be\/wp\/wp-json\/wp\/v2\/types\/page"}],"author":[{"embeddable":true,"href":"https:\/\/www.patrimoine-stephanois.be\/wp\/wp-json\/wp\/v2\/users\/1"}],"replies":[{"embeddable":true,"href":"https:\/\/www.patrimoine-stephanois.be\/wp\/wp-json\/wp\/v2\/comments?post=1494"}],"version-history":[{"count":8,"href":"https:\/\/www.patrimoine-stephanois.be\/wp\/wp-json\/wp\/v2\/pages\/1494\/revisions"}],"predecessor-version":[{"id":3678,"href":"https:\/\/www.patrimoine-stephanois.be\/wp\/wp-json\/wp\/v2\/pages\/1494\/revisions\/3678"}],"up":[{"embeddable":true,"href":"https:\/\/www.patrimoine-stephanois.be\/wp\/wp-json\/wp\/v2\/pages\/1555"}],"wp:attachment":[{"href":"https:\/\/www.patrimoine-stephanois.be\/wp\/wp-json\/wp\/v2\/media?parent=1494"}],"curies":[{"name":"wp","href":"https:\/\/api.w.org\/{rel}","templated":true}]}}