{"id":1440,"date":"2018-08-13T12:10:40","date_gmt":"2018-08-13T10:10:40","guid":{"rendered":"http:\/\/www.patrimoine-stephanois.be\/wp\/?page_id=1440"},"modified":"2018-12-21T18:31:25","modified_gmt":"2018-12-21T16:31:25","slug":"archives-des-usines-emile-henricot","status":"publish","type":"page","link":"https:\/\/www.patrimoine-stephanois.be\/wp\/les-patrimoines\/le-patrimoine-historique\/archives-des-usines-emile-henricot\/","title":{"rendered":"Les Usines \u00c9mile Henricot et leurs archives"},"content":{"rendered":"\n<p>Les Usines m\u00e9tallurgiques \u00c9mile Henricot (souvent appel\u00e9es \u00ab&nbsp;Usines Henricot&nbsp;\u00bb) ont profond\u00e9ment marqu\u00e9 140 ans de l&rsquo;histoire de Court-Saint-\u00c9tienne et ont apport\u00e9 une contribution technologique importante \u00e0 la fabrication des pi\u00e8ces en acier coul\u00e9 dont elles s&rsquo;\u00e9taient faites une r\u00e9putation dans le monde entier.<br><\/p>\n\n\n\n<div class=\"wp-block-image\"><figure class=\"aligncenter\"><img decoding=\"async\" src=\"http:\/\/www.patrimoine-stephanois.be\/New_Site1\/styled-4\/styled-5\/files\/pasted-graphic-2.jpg\" alt=\"Pasted Graphic 2\"\/><figcaption>Place des D\u00e9port\u00e9s et monument \u00c9mile Henricot (Carte postale : oblit\u00e9ration 1950)<\/figcaption><\/figure><\/div>\n\n\n\n<p>Une page importante du pass\u00e9 st\u00e9phanois s&rsquo;est tourn\u00e9e d\u00e9finitivement avec la r\u00e9affectation des halls industriels.<br>Apr\u00e8s la cessation d&rsquo;activit\u00e9s des Usines Henricot, le Patrimoine St\u00e9phanois a acquis un volume important d&rsquo;<strong>archives&nbsp;<\/strong>aupr\u00e8s de la curatelle et s&rsquo;est donn\u00e9 pour&nbsp;mission de les pr\u00e9server et de les mettre en valeur afin qu&rsquo;elles servent de&nbsp;<strong>t\u00e9moignage pour les g\u00e9n\u00e9rations futures<\/strong>. C&rsquo;est avec grand plaisir que nous acceptons tous nouveaux dons qui rappellent l&rsquo;activit\u00e9 des Usines \u00c9mile Henricot et pourraient \u00eatre int\u00e9gr\u00e9s dans ce d\u00e9p\u00f4t d&rsquo;archive.<br>Ces archives comprennent des documents techniques, administratifs, \u00e9conomiques, sociaux &#8230;, des photos, des plans, des mod\u00e8les, des objets et documents divers.<br><\/p>\n\n\n\n<div class=\"wp-block-image\"><figure class=\"aligncenter\"><img decoding=\"async\" src=\"http:\/\/www.patrimoine-stephanois.be\/New_Site1\/styled-4\/styled-5\/files\/monument_emile_henricot_restaure.jpg\" alt=\"Monument \u00c9mile Henricot restaur\u00e9\"\/><figcaption>Monument \u00c9mile Henricot<\/figcaption><\/figure><\/div>\n\n\n\n<p><strong>Quelques sujets particuliers&nbsp;:<\/strong><br><\/p>\n\n\n\n<p><a href=\"https:\/\/www.patrimoine-stephanois.be\/wp\/lasbl\/publications-du-patrimoine-stephanois\/\">Le livre \u00ab&nbsp;Les usines m\u00e9tallurgiques \u00c9mile Henricot \u00e0 Court-Saint-\u00c9tienne&nbsp;\u00bb<\/a>&nbsp; : en 2014, Le Patrimoine St\u00e9phanois a \u00e9dit\u00e9 un ouvrage relatant l\u2019histoire des usines depuis leur origine jusqu\u2019\u00e0 leur fermeture en 1984. Abondamment illustr\u00e9, ce livre de 96 pages, \u00e9crit par Edgard Haulotte et Emmanuel le Paige fait l\u2019objet d\u2019une description plus d\u00e9taill\u00e9e sur notre page&nbsp;<a href=\"https:\/\/www.patrimoine-stephanois.be\/wp\/lasbl\/publications-du-patrimoine-stephanois\/\">Publications<\/a>.<br><br><a href=\"https:\/\/www.patrimoine-stephanois.be\/wp\/les-patrimoines\/le-patrimoine-historique\/archives-des-usines-emile-henricot\/histoire-des-usines-emile-henricot-et-origine-du-depot-des-archives\/\">Histoire des usines et origine du d\u00e9p\u00f4t des archives<\/a>&nbsp; : au lendemain de la fermeture des usines, l&rsquo;asbl Le Patrimoine St\u00e9phanois a montr\u00e9 par diverses initiatives sa volont\u00e9 de transmettre la m\u00e9moire d&rsquo;une entreprise qui a marqu\u00e9 plusieurs g\u00e9n\u00e9rations de familles d&rsquo;ouvriers, d&#8217;employ\u00e9s et de cadres.<br><br><a href=\"https:\/\/www.patrimoine-stephanois.be\/wp\/les-patrimoines\/le-patrimoine-historique\/archives-des-usines-emile-henricot\/depot-des-archives-des-usines-emile-henricot\/\">D\u00e9p\u00f4t des archives des Usines \u00c9mile Henricot<\/a>&nbsp;: \u00e0 l&rsquo;occasion de la sortie de la nouvelle \u00e9dition 2002 de l&rsquo;inventaire revu et compl\u00e9t\u00e9 du d\u00e9p\u00f4t des archives des Usines Emile Henricot, vous trouverez ici l&rsquo;histoire du d\u00e9p\u00f4t des archives et les classements utilis\u00e9s.<br><br><a href=\"https:\/\/www.patrimoine-stephanois.be\/wp\/les-patrimoines\/le-patrimoine-historique\/archives-des-usines-emile-henricot\/le-bathyscaphe-des-professeurs-piccard-et-cosyns-dit-boule-de-piccard\/\">Le bathyscaphe des professeurs Piccard et Cosyns dit \u00ab&nbsp;Boule de Piccard&nbsp;\u00bb<\/a>&nbsp;: Michel Duboisdenghien nous raconte l&rsquo;histoire du prestigieux bathyscaphe ou plus pr\u00e9cis\u00e9ment celle de la r\u00e9alisation de la nacelle, pi\u00e8ce ma\u00eetresse du bathyscaphe<\/p>\n","protected":false},"excerpt":{"rendered":"<p>Les Usines m\u00e9tallurgiques \u00c9mile Henricot (souvent appel\u00e9es \u00ab&nbsp;Usines Henricot&nbsp;\u00bb) ont profond\u00e9ment marqu\u00e9 140 ans de l&rsquo;histoire de Court-Saint-\u00c9tienne et ont apport\u00e9 une contribution technologique importante \u00e0 la fabrication des pi\u00e8ces en acier coul\u00e9 dont elles s&rsquo;\u00e9taient faites une r\u00e9putation dans<\/p>\n","protected":false},"author":1,"featured_media":0,"parent":1438,"menu_order":1,"comment_status":"closed","ping_status":"closed","template":"","meta":{"footnotes":""},"_links":{"self":[{"href":"https:\/\/www.patrimoine-stephanois.be\/wp\/wp-json\/wp\/v2\/pages\/1440"}],"collection":[{"href":"https:\/\/www.patrimoine-stephanois.be\/wp\/wp-json\/wp\/v2\/pages"}],"about":[{"href":"https:\/\/www.patrimoine-stephanois.be\/wp\/wp-json\/wp\/v2\/types\/page"}],"author":[{"embeddable":true,"href":"https:\/\/www.patrimoine-stephanois.be\/wp\/wp-json\/wp\/v2\/users\/1"}],"replies":[{"embeddable":true,"href":"https:\/\/www.patrimoine-stephanois.be\/wp\/wp-json\/wp\/v2\/comments?post=1440"}],"version-history":[{"count":5,"href":"https:\/\/www.patrimoine-stephanois.be\/wp\/wp-json\/wp\/v2\/pages\/1440\/revisions"}],"predecessor-version":[{"id":2878,"href":"https:\/\/www.patrimoine-stephanois.be\/wp\/wp-json\/wp\/v2\/pages\/1440\/revisions\/2878"}],"up":[{"embeddable":true,"href":"https:\/\/www.patrimoine-stephanois.be\/wp\/wp-json\/wp\/v2\/pages\/1438"}],"wp:attachment":[{"href":"https:\/\/www.patrimoine-stephanois.be\/wp\/wp-json\/wp\/v2\/media?parent=1440"}],"curies":[{"name":"wp","href":"https:\/\/api.w.org\/{rel}","templated":true}]}}